{"id":3022,"date":"2025-05-27T13:57:06","date_gmt":"2025-05-27T05:57:06","guid":{"rendered":"https:\/\/www.chinanhd.com\/?post_type=product&#038;p=3022"},"modified":"2025-12-18T16:44:18","modified_gmt":"2025-12-18T08:44:18","slug":"variable-cross-section-obliquity-agitator","status":"publish","type":"product","link":"https:\/\/www.chinanhd.com\/vi\/product\/variable-cross-section-obliquity-agitator\/","title":{"rendered":"M\u1eb7t ch\u00e9o bi\u1ebfn &#038; M\u00e1y khu\u1ea5y \u0111\u1ed9ng Obliquity"},"content":{"rendered":"<p>B\u1ed9 khu\u1ea5y \u0111\u1ed9ng cung c\u1ea5p d\u00f2ng ch\u1ea3y tr\u1ee5c t\u00e1i tu\u1ea7n ho\u00e0n cao v\u1edbi t\u1ef7 l\u1ec7 c\u1eaft th\u1ea5p trong khi duy tr\u00ec ti\u00eau th\u1ee5 n\u0103ng l\u01b0\u1ee3ng t\u1ed1i thi\u1ec3u. So v\u1edbi m\u00e1y khu\u1ea5y PBT 45 \u00b0 th\u00f4ng th\u01b0\u1eddng, n\u00f3 \u0111\u1ea1t \u0111\u01b0\u1ee3c hi\u1ec7u su\u1ea5t tr\u1ed9n t\u01b0\u01a1ng \u0111\u01b0\u01a1ng trong khi gi\u1ea3m ti\u00eau th\u1ee5 n\u0103ng l\u01b0\u1ee3ng 40-50%.<\/p>\n<p>&nbsp;<\/p>\n<p>\u0110\u1ed1i v\u1edbi ph\u1ea3n \u1ee9ng di chuy\u1ec3n PA v\u00e0 c\u00e1c ng\u00e0nh c\u00f4ng nghi\u1ec7p kim lo\u1ea1i phi s\u1eaft, b\u1ec3 r\u1eeda \u0111\u00f2i h\u1ecfi c\u00f4ng su\u1ea5t b\u01a1m cao v\u1edbi t\u1ef7 l\u1ec7 c\u1eaft \u0111\u01b0\u1ee3c ki\u1ec3m so\u00e1t \u0111\u1ec3 ng\u0103n ch\u1eb7n s\u1ef1 ph\u00e1 v\u1ee1 tinh th\u1ec3 qu\u00e1 m\u1ee9c &#8211; m\u1ed9t y\u1ebfu t\u1ed1 quan tr\u1ecdng cho c\u00e1c qu\u00e1 tr\u00ecnh l\u1ecdc v\u00e0 tr\u1ea7m t\u00edch ti\u1ebfp theo. \u0110\u01b0\u1ee3c thi\u1ebft k\u1ebf \u0111\u1eb7c bi\u1ec7t cho c\u00e1c \u1ee9ng d\u1ee5ng n\u00e0y, NHD&#8217; s agitator \u0111\u00e3 \u0111\u01b0\u1ee3c \u00e1p d\u1ee5ng r\u1ed9ng r\u00e3i b\u1edfi PA v\u00e0 c\u00e1c nh\u00e0 s\u1ea3n xu\u1ea5t kim lo\u1ea1i phi s\u1eaft, ch\u1ee9ng minh hi\u1ec7u qu\u1ea3 ho\u1ea1t \u0111\u1ed9ng \u0111\u1eb7c bi\u1ec7t.<\/p>\n<p>&nbsp;<\/p>\n<p><strong>L\u1ee3i th\u1ebf c\u1ea1nh tranh:<\/strong><\/p>\n<p>NHD s\u1edf h\u1eefu m\u1ed9t lo\u1ea1t c\u00e1c thi\u1ebft b\u1ecb th\u1eed nghi\u1ec7m k\u00edch \u0111\u1ed9ng c\u00f3 kh\u1ea3 n\u0103ng \u0111\u00e1p \u1ee9ng c\u00e1c y\u00eau c\u1ea7u th\u1eed nghi\u1ec7m cho c\u00e1c nh\u00e0 s\u1ea3n xu\u1ea5t v\u00e0 quy tr\u00ecnh kh\u00e1c nhau, bao g\u1ed3m: th\u1eed nghi\u1ec7m quy m\u00f4 ph\u00f2ng th\u00ed nghi\u1ec7m, th\u1eed nghi\u1ec7m th\u00ed \u0111i\u1ec3m v\u00e0 th\u1eed nghi\u1ec7m m\u1edf r\u1ed9ng.<\/p>\n<p>&nbsp;<\/p>\n<p>N\u00e2ng cao R &amp; amp; D C\u00f4ng ngh\u1ec7:<\/p>\n<ul>\n<li>C\u00f4ng ngh\u1ec7 ph\u00e2n t\u00edch ch\u1ea5t l\u1ecfng CFD<\/li>\n<li>C\u00f4ng ngh\u1ec7 m\u00f4 ph\u1ecfng tr\u1ed9n ch\u1ea5t l\u1ecfng m\u00e1y t\u00ednh CFM<\/li>\n<li>C\u00f4ng ngh\u1ec7 \u0111o t\u1ed1c \u0111\u1ed9 laser Doppler LDA<\/li>\n<li>Ph\u00e2n t\u00edch y\u1ebfu t\u1ed1 h\u1eefu h\u1ea1n FEA<\/li>\n<li>Thi\u1ebft k\u1ebf 3D CAD<\/li>\n<\/ul>","protected":false},"excerpt":{"rendered":"<p>The agitator delivers high recirculating axial flow with low shear rate while maintaining minimal power consumption. Compared to conventional 45\u00b0 PBT agitators, it achieves equivalent mixing performance while reducing power consumption by 40-50%. &nbsp; For PA displacement reactions and non-ferrous metal industries, leaching tanks require high pumping capacity with controlled shear rates to prevent excessive [&hellip;]<\/p>\n","protected":false},"featured_media":3024,"comment_status":"open","ping_status":"closed","template":"","meta":[],"product_brand":[],"product_cat":[28],"product_tag":[],"class_list":{"0":"post-3022","1":"product","2":"type-product","3":"status-publish","4":"has-post-thumbnail","6":"product_cat-agitatorthickener-series","8":"first","9":"instock","10":"shipping-taxable","11":"product-type-simple"},"_links":{"self":[{"href":"https:\/\/www.chinanhd.com\/vi\/wp-json\/wp\/v2\/product\/3022","targetHints":{"allow":["GET"]}}],"collection":[{"href":"https:\/\/www.chinanhd.com\/vi\/wp-json\/wp\/v2\/product"}],"about":[{"href":"https:\/\/www.chinanhd.com\/vi\/wp-json\/wp\/v2\/types\/product"}],"replies":[{"embeddable":true,"href":"https:\/\/www.chinanhd.com\/vi\/wp-json\/wp\/v2\/comments?post=3022"}],"wp:featuredmedia":[{"embeddable":true,"href":"https:\/\/www.chinanhd.com\/vi\/wp-json\/wp\/v2\/media\/3024"}],"wp:attachment":[{"href":"https:\/\/www.chinanhd.com\/vi\/wp-json\/wp\/v2\/media?parent=3022"}],"wp:term":[{"taxonomy":"product_brand","embeddable":true,"href":"https:\/\/www.chinanhd.com\/vi\/wp-json\/wp\/v2\/product_brand?post=3022"},{"taxonomy":"product_cat","embeddable":true,"href":"https:\/\/www.chinanhd.com\/vi\/wp-json\/wp\/v2\/product_cat?post=3022"},{"taxonomy":"product_tag","embeddable":true,"href":"https:\/\/www.chinanhd.com\/vi\/wp-json\/wp\/v2\/product_tag?post=3022"}],"curies":[{"name":"WP","href":"https:\/\/api.w.org\/{rel}","templated":true}]}}