{"id":3025,"date":"2025-05-27T14:07:15","date_gmt":"2025-05-27T06:07:15","guid":{"rendered":"https:\/\/www.chinanhd.com\/?post_type=product&#038;p=3025"},"modified":"2025-12-18T16:44:18","modified_gmt":"2025-12-18T08:44:18","slug":"side-entry-agitator","status":"publish","type":"product","link":"https:\/\/www.chinanhd.com\/vi\/product\/side-entry-agitator\/","title":{"rendered":"M\u00e1y khu\u1ea5y \u0111\u1ed9ng \u0111\u1ea7u v\u00e0o b\u00ean"},"content":{"rendered":"<p>B\u1ed9 khu\u1ea5y \u0111\u1ed9ng \u0111\u1ea7u v\u00e0o b\u00ean c\u00f3 th\u1ec3 \u0111\u01b0\u1ee3c s\u1eed d\u1ee5ng trong b\u1ec3 ch\u1ee9a ch\u1ea5t l\u1ecfng quy m\u00f4 l\u1edbn v\u00e0 b\u1ec3 ch\u1ee9a d\u1ea7u. Ti\u00eau th\u1ee5 n\u0103ng l\u01b0\u1ee3ng c\u1ee7a n\u00f3 ch\u1ec9 l\u00e0 1\/3 \u0111\u1ebfn 2\/3 nh\u01b0 b\u1ed9 khu\u1ea5y \u0111\u1ed9ng trung t\u00e2m cho b\u1ec3 l\u1ecfng tr\u00ean 1000m\u00b3 v\u1edbi c\u00f9ng m\u1ed9t hi\u1ec7u \u1ee9ng tr\u1ed9n. B\u1ed9 khu\u1ea5y \u0111\u1ed9ng \u0111\u1ea7u v\u00e0o b\u00ean c\u00f3 m\u1ed9t s\u1ed1 l\u1ee3i th\u1ebf, ch\u1eb3ng h\u1ea1n nh\u01b0 chi ph\u00ed s\u1ea3n xu\u1ea5t v\u00e0 n\u1ec1n t\u1ea3ng th\u1ea5p.<\/p>\n<p>&nbsp;<\/p>\n<p>M\u00e1y khu\u1ea5y n\u00e0y ng\u0103n ch\u1eb7n ch\u1ea5t l\u1ecfng trong b\u1ec3 ch\u1ea3y ra trong vi\u1ec7c s\u1eed d\u1ee5ng thi\u1ebft b\u1ecb ni\u00eam phong.<\/p>\n<p>Con d\u1ea5u \u0111\u00f3ng g\u00f3i tr\u1ee5c v\u00e0 con d\u1ea5u c\u01a1 h\u1ecdc:<\/p>\n<ul>\n<li>Thi\u1ebft k\u1ebf ni\u00eam phong \u0111\u00f3ng g\u00f3i s\u00e1ng t\u1ea1o gi\u1ea3i quy\u1ebft c\u00e1c v\u1ea5n \u0111\u1ec1 ni\u00eam phong \u0111\u00f3ng g\u00f3i truy\u1ec1n th\u1ed1ng, c\u1ea3i thi\u1ec7n \u0111\u00e1ng k\u1ec3 kh\u1ea3 n\u0103ng b\u1ea3o tr\u00ec tr\u1ef1c tuy\u1ebfn, gi\u1ea3m r\u00f2 r\u1ec9 v\u00e0 gi\u1ea3m thi\u1ec3u m\u00e0i m\u00f2n tay \u00e1o tr\u1ee5c.<\/li>\n<li>Ni\u00eam phong c\u01a1 h\u1ecdc \u0111\u01b0\u1ee3c c\u1ea3i thi\u1ec7n v\u1ec1 c\u1ea5u tr\u00fac gi\u1ea3i quy\u1ebft c\u00e1c v\u1ea5n \u0111\u1ec1 rung dao \u0111\u1ed9ng v\u00e0 xung tr\u1ee5c th\u00f4ng qua v\u00f2ng ni\u00eam phong t\u0129nh hi\u1ec7u su\u1ea5t cao c\u1ee7a n\u00f3, d\u1eabn \u0111\u1ebfn hi\u1ec7u qu\u1ea3 cao h\u01a1n, chi ph\u00ed v\u1eadn h\u00e0nh th\u1ea5p h\u01a1n v\u00e0 tu\u1ed5i th\u1ecd k\u00e9o d\u00e0i.<\/li>\n<\/ul>\n<p>&nbsp;<\/p>\n<p><strong>L\u1ee3i th\u1ebf c\u1ea1nh tranh:<\/strong><\/p>\n<p>NHD s\u1edf h\u1eefu m\u1ed9t lo\u1ea1t c\u00e1c thi\u1ebft b\u1ecb th\u1eed nghi\u1ec7m k\u00edch \u0111\u1ed9ng c\u00f3 kh\u1ea3 n\u0103ng \u0111\u00e1p \u1ee9ng c\u00e1c y\u00eau c\u1ea7u th\u1eed nghi\u1ec7m cho c\u00e1c nh\u00e0 s\u1ea3n xu\u1ea5t v\u00e0 quy tr\u00ecnh kh\u00e1c nhau, bao g\u1ed3m: th\u1eed nghi\u1ec7m quy m\u00f4 ph\u00f2ng th\u00ed nghi\u1ec7m, th\u1eed nghi\u1ec7m th\u00ed \u0111i\u1ec3m v\u00e0 th\u1eed nghi\u1ec7m m\u1edf r\u1ed9ng.<\/p>\n<p>&nbsp;<\/p>\n<p>N\u00e2ng cao R &amp; amp; D C\u00f4ng ngh\u1ec7:<\/p>\n<ul>\n<li>C\u00f4ng ngh\u1ec7 ph\u00e2n t\u00edch ch\u1ea5t l\u1ecfng CFD<\/li>\n<li>C\u00f4ng ngh\u1ec7 m\u00f4 ph\u1ecfng tr\u1ed9n ch\u1ea5t l\u1ecfng m\u00e1y t\u00ednh CFM<\/li>\n<li>C\u00f4ng ngh\u1ec7 \u0111o t\u1ed1c \u0111\u1ed9 laser Doppler LDA<\/li>\n<li>Ph\u00e2n t\u00edch y\u1ebfu t\u1ed1 h\u1eefu h\u1ea1n FEA<\/li>\n<li>Thi\u1ebft k\u1ebf 3D CAD<\/li>\n<\/ul>","protected":false},"excerpt":{"rendered":"<p>Side-entry agitator can be used in large scale liquid storage tank and oil tank. Its power consumption is only 1\/3 to 2\/3 as center agitator\u2019s for liquid tank above 1000m\u00b3 at the same effect of blending. The side-entry agitator has several advantages, such as low manufacturing and foundation cost. &nbsp; This agitator prevent liquid in [&hellip;]<\/p>\n","protected":false},"featured_media":3028,"comment_status":"open","ping_status":"closed","template":"","meta":[],"product_brand":[],"product_cat":[28],"product_tag":[],"class_list":{"0":"post-3025","1":"product","2":"type-product","3":"status-publish","4":"has-post-thumbnail","6":"product_cat-agitatorthickener-series","8":"first","9":"instock","10":"shipping-taxable","11":"product-type-simple"},"_links":{"self":[{"href":"https:\/\/www.chinanhd.com\/vi\/wp-json\/wp\/v2\/product\/3025","targetHints":{"allow":["GET"]}}],"collection":[{"href":"https:\/\/www.chinanhd.com\/vi\/wp-json\/wp\/v2\/product"}],"about":[{"href":"https:\/\/www.chinanhd.com\/vi\/wp-json\/wp\/v2\/types\/product"}],"replies":[{"embeddable":true,"href":"https:\/\/www.chinanhd.com\/vi\/wp-json\/wp\/v2\/comments?post=3025"}],"wp:featuredmedia":[{"embeddable":true,"href":"https:\/\/www.chinanhd.com\/vi\/wp-json\/wp\/v2\/media\/3028"}],"wp:attachment":[{"href":"https:\/\/www.chinanhd.com\/vi\/wp-json\/wp\/v2\/media?parent=3025"}],"wp:term":[{"taxonomy":"product_brand","embeddable":true,"href":"https:\/\/www.chinanhd.com\/vi\/wp-json\/wp\/v2\/product_brand?post=3025"},{"taxonomy":"product_cat","embeddable":true,"href":"https:\/\/www.chinanhd.com\/vi\/wp-json\/wp\/v2\/product_cat?post=3025"},{"taxonomy":"product_tag","embeddable":true,"href":"https:\/\/www.chinanhd.com\/vi\/wp-json\/wp\/v2\/product_tag?post=3025"}],"curies":[{"name":"WP","href":"https:\/\/api.w.org\/{rel}","templated":true}]}}