{"id":3029,"date":"2025-05-27T14:11:38","date_gmt":"2025-05-27T06:11:38","guid":{"rendered":"https:\/\/www.chinanhd.com\/?post_type=product&#038;p=3029"},"modified":"2025-12-18T16:44:18","modified_gmt":"2025-12-18T08:44:18","slug":"agitator-for-nonferrous-industry-and-beneficiation","status":"publish","type":"product","link":"https:\/\/www.chinanhd.com\/vi\/product\/agitator-for-nonferrous-industry-and-beneficiation\/","title":{"rendered":"M\u00e1y khu\u1ea5y \u0111\u1ed9ng cho ng\u00e0nh c\u00f4ng nghi\u1ec7p v\u00e0 l\u1ee3i \u00edch kh\u00f4ng s\u1eaft"},"content":{"rendered":"<p>Trong ng\u00e0nh c\u00f4ng nghi\u1ec7p h\u00f3a ch\u1ea5t, c\u00f4ng ty c\u1ee7a ch\u00fang t\u00f4i thi\u1ebft k\u1ebf v\u00e0 s\u1ea3n xu\u1ea5t m\u00e1y khu\u1ea5y \u0111\u1ed9ng c\u00f3 c\u00e1c th\u00f4ng s\u1ed1 k\u1ef9 thu\u1eadt v\u00e0 c\u1ea5u h\u00ecnh kh\u00e1c nhau \u0111\u1ec3 \u0111\u00e1p \u1ee9ng c\u00e1c y\u00eau c\u1ea7u quy tr\u00ecnh nh\u01b0 tr\u1ed9n v\u1eadt li\u1ec7u, h\u00f2a tan, truy\u1ec1n nhi\u1ec7t, chu\u1ea9n b\u1ecb treo, ph\u1ea3n \u1ee9ng polymerization v\u00e0 s\u1ea3n xu\u1ea5t ch\u1ea5t x\u00fac t\u00e1c. \u0110\u1ed1i v\u1edbi c\u00e1c \u1ee9ng d\u1ee5ng ch\u1ebf bi\u1ebfn kho\u00e1ng s\u1ea3n, m\u00e1y khu\u1ea5y \u0111\u1ed9ng \u0111\u01b0\u1ee3c thi\u1ebft k\u1ebf \u0111\u1eb7c bi\u1ec7t c\u1ee7a ch\u00fang t\u00f4i \u0111\u1ea3m b\u1ea3o tr\u1ed9n b\u00f9n tr\u01a1n tru v\u00e0 ph\u00e2n ph\u1ed1i n\u1ed3ng \u0111\u1ed9 \u0111\u1ed3ng nh\u1ea5t trong b\u1ec3.<\/p>\n<p>&nbsp;<\/p>\n<p><strong>L\u1ee3i th\u1ebf c\u1ea1nh tranh:<\/strong><\/p>\n<p>NHD s\u1edf h\u1eefu m\u1ed9t lo\u1ea1t c\u00e1c thi\u1ebft b\u1ecb th\u1eed nghi\u1ec7m k\u00edch \u0111\u1ed9ng c\u00f3 kh\u1ea3 n\u0103ng \u0111\u00e1p \u1ee9ng c\u00e1c y\u00eau c\u1ea7u th\u1eed nghi\u1ec7m cho c\u00e1c nh\u00e0 s\u1ea3n xu\u1ea5t v\u00e0 quy tr\u00ecnh kh\u00e1c nhau, bao g\u1ed3m: th\u1eed nghi\u1ec7m quy m\u00f4 ph\u00f2ng th\u00ed nghi\u1ec7m, th\u1eed nghi\u1ec7m th\u00ed \u0111i\u1ec3m v\u00e0 th\u1eed nghi\u1ec7m m\u1edf r\u1ed9ng.<\/p>\n<p>&nbsp;<\/p>\n<p>N\u00e2ng cao R &amp; amp; D C\u00f4ng ngh\u1ec7:<\/p>\n<ul>\n<li>C\u00f4ng ngh\u1ec7 ph\u00e2n t\u00edch ch\u1ea5t l\u1ecfng CFD<\/li>\n<li>C\u00f4ng ngh\u1ec7 m\u00f4 ph\u1ecfng tr\u1ed9n ch\u1ea5t l\u1ecfng m\u00e1y t\u00ednh CFM<\/li>\n<li>C\u00f4ng ngh\u1ec7 \u0111o t\u1ed1c \u0111\u1ed9 laser Doppler LDA<\/li>\n<li>Ph\u00e2n t\u00edch y\u1ebfu t\u1ed1 h\u1eefu h\u1ea1n FEA<\/li>\n<li>Thi\u1ebft k\u1ebf 3D CAD<\/li>\n<\/ul>","protected":false},"excerpt":{"rendered":"<p>In the chemical industry, our company designs and manufactures agitators of various specifications and configurations to meet process requirements such as material mixing, dissolution, heat transfer, suspension preparation, polymerization reactions, and catalyst production. For mineral processing applications, our specially designed agitators ensure smooth slurry mixing and uniform concentration distribution in tanks. &nbsp; Competitive Advantage: NHD [&hellip;]<\/p>\n","protected":false},"featured_media":3030,"comment_status":"open","ping_status":"closed","template":"","meta":[],"product_brand":[],"product_cat":[28],"product_tag":[],"class_list":{"0":"post-3029","1":"product","2":"type-product","3":"status-publish","4":"has-post-thumbnail","6":"product_cat-agitatorthickener-series","8":"first","9":"instock","10":"shipping-taxable","11":"product-type-simple"},"_links":{"self":[{"href":"https:\/\/www.chinanhd.com\/vi\/wp-json\/wp\/v2\/product\/3029","targetHints":{"allow":["GET"]}}],"collection":[{"href":"https:\/\/www.chinanhd.com\/vi\/wp-json\/wp\/v2\/product"}],"about":[{"href":"https:\/\/www.chinanhd.com\/vi\/wp-json\/wp\/v2\/types\/product"}],"replies":[{"embeddable":true,"href":"https:\/\/www.chinanhd.com\/vi\/wp-json\/wp\/v2\/comments?post=3029"}],"wp:featuredmedia":[{"embeddable":true,"href":"https:\/\/www.chinanhd.com\/vi\/wp-json\/wp\/v2\/media\/3030"}],"wp:attachment":[{"href":"https:\/\/www.chinanhd.com\/vi\/wp-json\/wp\/v2\/media?parent=3029"}],"wp:term":[{"taxonomy":"product_brand","embeddable":true,"href":"https:\/\/www.chinanhd.com\/vi\/wp-json\/wp\/v2\/product_brand?post=3029"},{"taxonomy":"product_cat","embeddable":true,"href":"https:\/\/www.chinanhd.com\/vi\/wp-json\/wp\/v2\/product_cat?post=3029"},{"taxonomy":"product_tag","embeddable":true,"href":"https:\/\/www.chinanhd.com\/vi\/wp-json\/wp\/v2\/product_tag?post=3029"}],"curies":[{"name":"WP","href":"https:\/\/api.w.org\/{rel}","templated":true}]}}