{"id":3033,"date":"2025-05-27T14:14:38","date_gmt":"2025-05-27T06:14:38","guid":{"rendered":"https:\/\/www.chinanhd.com\/?post_type=product&#038;p=3033"},"modified":"2025-12-18T16:44:18","modified_gmt":"2025-12-18T08:44:18","slug":"extra-long-agitator","status":"publish","type":"product","link":"https:\/\/www.chinanhd.com\/vi\/product\/extra-long-agitator\/","title":{"rendered":"M\u00e1y khu\u1ea5y \u0111\u1ed9ng d\u00e0i"},"content":{"rendered":"<p>NHD ph\u00e1t tri\u1ec3n m\u00e1y khu\u1ea5y \u0111\u1ed9ng l\u1edbn cho d\u1ef1 \u00e1n PA 300.000t \/ m\u1ed9t, ti\u00ean phong trong vi\u1ec7c \u0111\u1ecba ph\u01b0\u01a1ng h\u00f3a thi\u1ebft b\u1ecb \u1edf Trung Qu\u1ed1c. Trong khi \u0111\u00f3, ch\u00fang t\u00f4i thi\u1ebft l\u1eadp m\u1ed9t k\u1ef7 l\u1ee5c m\u1edbi v\u1ec1 \u1ee9ng d\u1ee5ng c\u00f4ng su\u1ea5t cao, t\u1ea3i n\u1eb7ng, m\u00e1y khu\u1ea5y \u0111\u1ed9ng c\u1ef1c k\u1ef3 d\u00e0i trong ng\u00e0nh c\u00f4ng nghi\u1ec7p.<\/p>\n<p>&nbsp;<\/p>\n<p>NHD \u0111\u00e3 \u0111\u1ea7u t\u01b0 r\u1ea5t nhi\u1ec1u v\u00e0o nghi\u00ean c\u1ee9u c\u00e1c v\u1eadt li\u1ec7u k\u00edch \u0111\u1ed9ng m\u1edbi. Ngo\u00e0i c\u00e1c v\u1eadt li\u1ec7u ti\u00eau chu\u1ea9n nh\u01b0 304, 304L, 316L, 317L v\u00e0 904L, NHD c\u0169ng \u0111\u00e3 ph\u00e1t tri\u1ec3n h\u00e0ng ch\u1ee5c v\u1eadt li\u1ec7u chuy\u00ean d\u1ee5ng ph\u00f9 h\u1ee3p v\u1edbi c\u00e1c \u0111i\u1ec1u ki\u1ec7n kh\u00e1c nhau bao g\u1ed3m nhi\u1ec7t \u0111\u1ed9, n\u1ed3ng \u0111\u1ed9 axit \/ ki\u1ec1m v\u00e0 kh\u1ea3 n\u0103ng ch\u1ed1ng \u0103n m\u00f2n c\u1ef1c \u0111oan, \u0111\u1ec3 \u0111\u1ea3m b\u1ea3o hi\u1ec7u su\u1ea5t t\u1ed1i \u01b0u.<\/p>\n<p>&nbsp;<\/p>\n<p><strong>L\u1ee3i th\u1ebf c\u1ea1nh tranh:<\/strong><\/p>\n<p>NHD s\u1edf h\u1eefu m\u1ed9t lo\u1ea1t c\u00e1c thi\u1ebft b\u1ecb th\u1eed nghi\u1ec7m k\u00edch \u0111\u1ed9ng c\u00f3 kh\u1ea3 n\u0103ng \u0111\u00e1p \u1ee9ng c\u00e1c y\u00eau c\u1ea7u th\u1eed nghi\u1ec7m cho c\u00e1c nh\u00e0 s\u1ea3n xu\u1ea5t v\u00e0 quy tr\u00ecnh kh\u00e1c nhau, bao g\u1ed3m: th\u1eed nghi\u1ec7m quy m\u00f4 ph\u00f2ng th\u00ed nghi\u1ec7m, th\u1eed nghi\u1ec7m th\u00ed \u0111i\u1ec3m v\u00e0 th\u1eed nghi\u1ec7m m\u1edf r\u1ed9ng.<\/p>\n<p>&nbsp;<\/p>\n<p>N\u00e2ng cao R &amp; amp; D C\u00f4ng ngh\u1ec7:<\/p>\n<ul>\n<li>C\u00f4ng ngh\u1ec7 ph\u00e2n t\u00edch ch\u1ea5t l\u1ecfng CFD<\/li>\n<li>C\u00f4ng ngh\u1ec7 m\u00f4 ph\u1ecfng tr\u1ed9n ch\u1ea5t l\u1ecfng m\u00e1y t\u00ednh CFM<\/li>\n<li>C\u00f4ng ngh\u1ec7 \u0111o t\u1ed1c \u0111\u1ed9 laser Doppler LDA<\/li>\n<li>Ph\u00e2n t\u00edch y\u1ebfu t\u1ed1 h\u1eefu h\u1ea1n FEA<\/li>\n<li>Thi\u1ebft k\u1ebf 3D CAD<\/li>\n<\/ul>","protected":false},"excerpt":{"rendered":"<p>NHD developed the large agitator for 300,000t\/a PA project, pioneering the localization of the equipment in China. Meanwhile, we set a new record of application of high power, heavy load, extra-long agitator in the industry. &nbsp; NHD has heavily invested in researching new agitator materials. Beyond standard materials like 304, 304L, 316L, 317L, and 904L, [&hellip;]<\/p>\n","protected":false},"featured_media":3034,"comment_status":"open","ping_status":"closed","template":"","meta":[],"product_brand":[],"product_cat":[28],"product_tag":[],"class_list":{"0":"post-3033","1":"product","2":"type-product","3":"status-publish","4":"has-post-thumbnail","6":"product_cat-agitatorthickener-series","8":"first","9":"instock","10":"shipping-taxable","11":"product-type-simple"},"_links":{"self":[{"href":"https:\/\/www.chinanhd.com\/vi\/wp-json\/wp\/v2\/product\/3033","targetHints":{"allow":["GET"]}}],"collection":[{"href":"https:\/\/www.chinanhd.com\/vi\/wp-json\/wp\/v2\/product"}],"about":[{"href":"https:\/\/www.chinanhd.com\/vi\/wp-json\/wp\/v2\/types\/product"}],"replies":[{"embeddable":true,"href":"https:\/\/www.chinanhd.com\/vi\/wp-json\/wp\/v2\/comments?post=3033"}],"wp:featuredmedia":[{"embeddable":true,"href":"https:\/\/www.chinanhd.com\/vi\/wp-json\/wp\/v2\/media\/3034"}],"wp:attachment":[{"href":"https:\/\/www.chinanhd.com\/vi\/wp-json\/wp\/v2\/media?parent=3033"}],"wp:term":[{"taxonomy":"product_brand","embeddable":true,"href":"https:\/\/www.chinanhd.com\/vi\/wp-json\/wp\/v2\/product_brand?post=3033"},{"taxonomy":"product_cat","embeddable":true,"href":"https:\/\/www.chinanhd.com\/vi\/wp-json\/wp\/v2\/product_cat?post=3033"},{"taxonomy":"product_tag","embeddable":true,"href":"https:\/\/www.chinanhd.com\/vi\/wp-json\/wp\/v2\/product_tag?post=3033"}],"curies":[{"name":"WP","href":"https:\/\/api.w.org\/{rel}","templated":true}]}}