{"id":6465,"date":"2025-12-19T16:14:44","date_gmt":"2025-12-19T08:14:44","guid":{"rendered":"https:\/\/www.chinanhd.com\/?post_type=product&#038;p=6465"},"modified":"2026-02-14T15:23:27","modified_gmt":"2026-02-14T07:23:27","slug":"filter-cake-disintegrator-crusher","status":"publish","type":"product","link":"https:\/\/www.chinanhd.com\/vi\/product\/filter-cake-disintegrator-crusher\/","title":{"rendered":"B\u1ed9 ph\u00e2n t\u00edch b\u00e1nh l\u1ecdc &#038; M\u00e1y nghi\u1ec1n"},"content":{"rendered":"<p data-start=\"186\" data-end=\"455\">B\u00e1nh l\u1ecdc \u0111\u01b0\u1ee3c th\u1ea3i ra t\u1eeb m\u00e1y \u00e9p l\u1ecdc th\u01b0\u1eddng t\u1ea1o th\u00e0nh c\u00e1c t\u1eadp h\u1ee3p l\u1edbn, d\u00ednh d\u00e1n, \u0111\u1eb7c bi\u1ec7t l\u00e0 trong v\u1eadt li\u1ec7u n\u0103ng l\u01b0\u1ee3ng m\u1edbi v\u00e0 c\u00e1c quy tr\u00ecnh th\u1ee7y kim lo\u1ea1i. Khi \u0111\u01b0\u1ee3c cho \u0103n tr\u1ef1c ti\u1ebfp v\u00e0o m\u00e1y s\u1ea5y, c\u00e1c b\u00e1nh n\u00e0y g\u00e2y ra vi\u1ec7c cho \u0103n k\u00e9m, hi\u1ec7u qu\u1ea3 s\u1ea5y th\u1ea5p v\u00e0 t\u1eafc ngh\u1ebdn th\u01b0\u1eddng xuy\u00ean.<\/p>\n<p data-start=\"457\" data-end=\"553\">B\u1ed9 l\u1ecdc b\u00e1nh NHD Disintegrator &amp; amp; M\u00e1y nghi\u1ec1n \u0111\u01b0\u1ee3c thi\u1ebft k\u1ebf \u0111\u1eb7c bi\u1ec7t \u0111\u1ec3 gi\u1ea3i quy\u1ebft c\u1ed5 bottleneck n\u00e0y.<\/p>\n<p>&nbsp;<\/p>\n<p><strong>L\u1ee3i th\u1ebf c\u1ea1nh tranh:<\/strong><\/p>\n<ul>\n<li data-start=\"578\" data-end=\"640\">\n<p data-start=\"580\" data-end=\"640\">Hi\u1ec7u qu\u1ea3 ph\u00e1 v\u1ee1 b\u00e1nh l\u1ecdc t\u1eadp h\u1ee3p v\u00e0 d\u00ednh<\/p>\n<\/li>\n<li data-start=\"641\" data-end=\"700\">\n<p data-start=\"643\" data-end=\"700\">Cung c\u1ea5p k\u00edch th\u01b0\u1edbc h\u1ea1t \u0111\u1ed3ng nh\u1ea5t cho vi\u1ec7c cho \u0103n m\u00e1y s\u1ea5y tr\u1ef1c ti\u1ebfp<\/p>\n<\/li>\n<li data-start=\"701\" data-end=\"762\">\n<p data-start=\"703\" data-end=\"762\">C\u1ea3i thi\u1ec7n hi\u1ec7u qu\u1ea3 s\u1ea5y v\u00e0 gi\u1ea3m ti\u00eau th\u1ee5 n\u0103ng l\u01b0\u1ee3ng<\/p>\n<\/li>\n<li data-start=\"763\" data-end=\"824\">\n<p data-start=\"765\" data-end=\"824\">T\u1ed1i thi\u1ec3u x\u1eed l\u00fd th\u1ee7 c\u00f4ng v\u00e0 t\u0103ng c\u01b0\u1eddng t\u1ef1 \u0111\u1ed9ng h\u00f3a quy tr\u00ecnh<\/p>\n<\/li>\n<\/ul>\n<p>&nbsp;<\/p>\n<p><strong>\u1ee8ng d\u1ee5ng:<\/strong><\/p>\n<ul>\n<li data-start=\"1200\" data-end=\"1267\">\n<p data-start=\"1202\" data-end=\"1267\">V\u1eadt li\u1ec7u n\u0103ng l\u01b0\u1ee3ng m\u1edbi (v\u1eadt li\u1ec7u cathode v\u00e0 anode, ch\u1ea5t trung gian)<\/p>\n<\/li>\n<li data-start=\"1268\" data-end=\"1305\">\n<p data-start=\"1270\" data-end=\"1305\">Th\u1ee7y kim lo\u1ea1i kh\u00f4ng s\u1eaft<\/p>\n<\/li>\n<li data-start=\"1306\" data-end=\"1356\">\n<p data-start=\"1308\" data-end=\"1356\">D\u00e2y chuy\u1ec1n quy tr\u00ecnh s\u1ea5y \u00e9p l\u1ecdc li\u00ean t\u1ee5c<\/p>\n<\/li>\n<\/ul>","protected":false},"excerpt":{"rendered":"<p data-start=\"186\" data-end=\"455\">B\u1ed9 l\u1ecdc b\u00e1nh NHD Disintegrator &amp; amp; M\u00e1y nghi\u1ec1n \u0111\u01b0\u1ee3c thi\u1ebft k\u1ebf \u0111\u1ec3 x\u1eed l\u00fd b\u00e1o ch\u00ed sau l\u1ecdc hi\u1ec7u qu\u1ea3. Hi\u1ec7u su\u1ea5t nghi\u1ec1n \u1ed5n \u0111\u1ecbnh v\u00e0 c\u00f3 th\u1ec3 ki\u1ec3m so\u00e1t \u0111\u01b0\u1ee3c \u0111\u1ea1t \u0111\u01b0\u1ee3c ngay c\u1ea3 v\u1edbi v\u1eadt li\u1ec7u \u0111\u1ed9 \u1ea9m cao ho\u1eb7c h\u1ea1t m\u1ecbn.<\/p>","protected":false},"featured_media":6468,"comment_status":"open","ping_status":"closed","template":"","meta":[],"product_brand":[],"product_cat":[32],"product_tag":[],"class_list":{"0":"post-6465","1":"product","2":"type-product","3":"status-publish","4":"has-post-thumbnail","6":"product_cat-non-standard-equipment-series","8":"first","9":"instock","10":"shipping-taxable","11":"product-type-simple"},"_links":{"self":[{"href":"https:\/\/www.chinanhd.com\/vi\/wp-json\/wp\/v2\/product\/6465","targetHints":{"allow":["GET"]}}],"collection":[{"href":"https:\/\/www.chinanhd.com\/vi\/wp-json\/wp\/v2\/product"}],"about":[{"href":"https:\/\/www.chinanhd.com\/vi\/wp-json\/wp\/v2\/types\/product"}],"replies":[{"embeddable":true,"href":"https:\/\/www.chinanhd.com\/vi\/wp-json\/wp\/v2\/comments?post=6465"}],"wp:featuredmedia":[{"embeddable":true,"href":"https:\/\/www.chinanhd.com\/vi\/wp-json\/wp\/v2\/media\/6468"}],"wp:attachment":[{"href":"https:\/\/www.chinanhd.com\/vi\/wp-json\/wp\/v2\/media?parent=6465"}],"wp:term":[{"taxonomy":"product_brand","embeddable":true,"href":"https:\/\/www.chinanhd.com\/vi\/wp-json\/wp\/v2\/product_brand?post=6465"},{"taxonomy":"product_cat","embeddable":true,"href":"https:\/\/www.chinanhd.com\/vi\/wp-json\/wp\/v2\/product_cat?post=6465"},{"taxonomy":"product_tag","embeddable":true,"href":"https:\/\/www.chinanhd.com\/vi\/wp-json\/wp\/v2\/product_tag?post=6465"}],"curies":[{"name":"WP","href":"https:\/\/api.w.org\/{rel}","templated":true}]}}